{"id":185,"date":"2017-04-26T12:15:39","date_gmt":"2017-04-26T09:15:39","guid":{"rendered":"http:\/\/vikmetuksed.ee\/?page_id=185"},"modified":"2023-02-03T16:50:47","modified_gmt":"2023-02-03T13:50:47","slug":"gv2","status":"publish","type":"page","link":"http:\/\/vikmetuksed.ee\/et\/gv2\/","title":{"rendered":"Garaaziv\u00e4rav uksega"},"content":{"rendered":"<p>V\u00e4ravleng valmistatakse metallnurgast, nelikanttorust v\u00f6i painutatud profiilist.<\/p>\n<p>Terasleht kuumvaltsitud 2-3mm kinnitub metallkarkassile,mis valmistatakse nelikantorust.V\u00e4rv\u00a0 krunt-email<\/p>\n<ul>\n<li>Hind v\u00e4raval uksega terasleht 2mm \u00fchel pool standard suurusel 2500\u04452000 mm \u00a0-800.00EUR +km.<\/li>\n<li>Hind v\u00e4raval uksega terasleht 3mm\u00a0\u00a0- 950.00 EUR+km.<\/li>\n<li>Hind v\u00e4raval uksega v\u00e4lis terasleht 2mm,soojustus,sisemine terasleht 1,2mm\u00a0\u00a0- 1100.00EUR+km.<\/li>\n<\/ul>\n\n\n<p><\/p>","protected":false},"excerpt":{"rendered":"<p>\u041a\u043e\u0440\u043e\u0431 \u0432\u043e\u0440\u043e\u0442 \u0438\u0437\u0433\u043e\u0442\u0430\u0432\u043b\u0438\u0432\u0430\u0435\u0442\u0441\u044f \u0438\u0437 \u043c\u0435\u0442\u0430\u043b\u043b\u0438\u0447\u0435\u0441\u043a\u043e\u0433\u043e \u0443\u0433\u043e\u043b\u043a\u0430, \u043a\u0432\u0430\u0434\u0440\u0430\u0442\u043d\u043e\u0439 \u0442\u0440\u0443\u0431\u044b \u0438\u043b\u0438 \u0433\u043d\u0443\u0442\u043e\u0433\u043e \u043f\u0440\u043e\u0444\u0438\u043b\u044f. \u0421\u0442\u0430\u043b\u044c\u043d\u043e\u0439 \u043b\u0438\u0441\u0442 \u0433\u043e\u0440\u044f\u0447\u0435\u0433\u043e \u043f\u0440\u043e\u043a\u0430\u0442\u0430 2-3\u043c\u043c \u043a\u0440\u0435\u043f\u0438\u0442\u044c\u0441\u044f \u043a \u043c\u0435\u0442\u0430\u043b\u043b\u0438\u0447\u0435\u0441\u043a\u043e\u043c\u0443 \u043a\u0430\u0440\u043a\u0430\u0441\u0443 \u043f\u043e\u0432\u044b\u0448\u0435\u043d\u043d\u043e\u0439 \u043f\u0440\u043e\u0447\u043d\u043e\u0441\u0442\u0438. \u041f\u043e\u043a\u0440\u0430\u0441\u043a\u0430 \u2013\u0433\u0440\u0443\u043d\u0442-\u044d\u043c\u0430\u043b\u044c\u044e. \u0421\u0442\u043e\u0438\u043c\u043e\u0441\u0442\u044c \u0432\u043e\u0440\u043e\u0442<span class=\"excerpt-hellip\"> [\u2026]<\/span><\/p>","protected":false},"author":2,"featured_media":0,"parent":0,"menu_order":0,"comment_status":"closed","ping_status":"closed","template":"","meta":[],"_links":{"self":[{"href":"http:\/\/vikmetuksed.ee\/et\/wp-json\/wp\/v2\/pages\/185"}],"collection":[{"href":"http:\/\/vikmetuksed.ee\/et\/wp-json\/wp\/v2\/pages"}],"about":[{"href":"http:\/\/vikmetuksed.ee\/et\/wp-json\/wp\/v2\/types\/page"}],"author":[{"embeddable":true,"href":"http:\/\/vikmetuksed.ee\/et\/wp-json\/wp\/v2\/users\/2"}],"replies":[{"embeddable":true,"href":"http:\/\/vikmetuksed.ee\/et\/wp-json\/wp\/v2\/comments?post=185"}],"version-history":[{"count":7,"href":"http:\/\/vikmetuksed.ee\/et\/wp-json\/wp\/v2\/pages\/185\/revisions"}],"predecessor-version":[{"id":626,"href":"http:\/\/vikmetuksed.ee\/et\/wp-json\/wp\/v2\/pages\/185\/revisions\/626"}],"wp:attachment":[{"href":"http:\/\/vikmetuksed.ee\/et\/wp-json\/wp\/v2\/media?parent=185"}],"curies":[{"name":"wp","href":"https:\/\/api.w.org\/{rel}","templated":true}]}}