{"id":307,"date":"2017-05-25T18:57:08","date_gmt":"2017-05-25T15:57:08","guid":{"rendered":"http:\/\/vikmetuksed.ee\/?page_id=307&#038;lang=et"},"modified":"2017-05-25T19:04:41","modified_gmt":"2017-05-25T16:04:41","slug":"%d0%b4%d0%b2%d0%b5%d1%80%d1%8c-1","status":"publish","type":"page","link":"http:\/\/vikmetuksed.ee\/et\/%d0%b4%d0%b2%d0%b5%d1%80%d1%8c-1\/","title":{"rendered":"Uks metalli profiilist 1"},"content":{"rendered":"<p>Uste valmistamiseks kasutatakse teraslehte paksusega 1,2 ja 1,5.Uksekarp valmistatakse painutatud\u00a0 profiilidest,mis tagab konstruktsiooni kindlust ja vastupidavust.Soojus- ja m\u00fcraisolatsiooniks kasutatakse kivivill PAROC ja kummitihendit uste perimeetril.Uksed v\u00e4rvitakse pulberv\u00e4rvig\u0430 (RAL kataloog).Uste paksus 52 mm.Uksed kinnitatakse kolmel laager hingel.\u00a0Suurus tellija m\u00f5\u00f5tmete j\u00e4rgi.<\/p>\n<p>Hind standard suurustel ustel(900\u04452100)\u00a0 220.00 EUR+ km<\/p>","protected":false},"excerpt":{"rendered":"<p>Uste valmistamiseks kasutatakse teraslehte paksusega 1,2 ja 1,5.Uksekarp valmistatakse painutatud\u00a0 profiilidest,mis tagab konstruktsiooni kindlust ja vastupidavust.Soojus- ja m\u00fcraisolatsiooniks kasutatakse kivivill PAROC ja kummitihendit uste perimeetril.Uksed v\u00e4rvitakse<span class=\"excerpt-hellip\"> [\u2026]<\/span><\/p>","protected":false},"author":2,"featured_media":0,"parent":0,"menu_order":0,"comment_status":"closed","ping_status":"closed","template":"","meta":[],"_links":{"self":[{"href":"http:\/\/vikmetuksed.ee\/et\/wp-json\/wp\/v2\/pages\/307"}],"collection":[{"href":"http:\/\/vikmetuksed.ee\/et\/wp-json\/wp\/v2\/pages"}],"about":[{"href":"http:\/\/vikmetuksed.ee\/et\/wp-json\/wp\/v2\/types\/page"}],"author":[{"embeddable":true,"href":"http:\/\/vikmetuksed.ee\/et\/wp-json\/wp\/v2\/users\/2"}],"replies":[{"embeddable":true,"href":"http:\/\/vikmetuksed.ee\/et\/wp-json\/wp\/v2\/comments?post=307"}],"version-history":[{"count":3,"href":"http:\/\/vikmetuksed.ee\/et\/wp-json\/wp\/v2\/pages\/307\/revisions"}],"predecessor-version":[{"id":335,"href":"http:\/\/vikmetuksed.ee\/et\/wp-json\/wp\/v2\/pages\/307\/revisions\/335"}],"wp:attachment":[{"href":"http:\/\/vikmetuksed.ee\/et\/wp-json\/wp\/v2\/media?parent=307"}],"curies":[{"name":"wp","href":"https:\/\/api.w.org\/{rel}","templated":true}]}}