{"id":329,"date":"2017-05-25T13:08:57","date_gmt":"2017-05-25T10:08:57","guid":{"rendered":"http:\/\/vikmetuksed.ee\/?page_id=329&#038;lang=et"},"modified":"2022-02-28T21:19:16","modified_gmt":"2022-02-28T18:19:16","slug":"garaazivaravad-1","status":"publish","type":"page","link":"http:\/\/vikmetuksed.ee\/et\/garaazivaravad-1\/","title":{"rendered":"Garaaziv\u00e4ravad 1"},"content":{"rendered":"<p>[vc_row][vc_column][vc_column_text]V\u00e4ravleng valmistatakse metallnurgast, nelikanttorust v\u00f6i painutatud profiilist.<\/p>\n<p>Kuumvaltsitud terasleht 2-3 mm kinnitub metallkarkassile,mis valmistatakse\u00a0 nelikanttorust.<\/p>\n<p>V\u00e4rv krunt-email<\/p>\n<p>Hind v\u00e4raval terasleht 2mm \u00fchel pool\u00a0 standard suurustel 2500-2000mm<\/p>\n<p>350.00 EUR +KM<\/p>\n<p>Hind v\u00e4raval terasleht 3mm 450.00 EUR+KM<\/p>\n<p>Hind v\u00e4rava v\u00e4lis terasleht 2mm,soojustus,sisemine terasleht 1,2mm<\/p>\n<p>550.00+KM<\/p>\n<p>Paigaldus alates 100.00 EUR[\/vc_column_text][\/vc_column][\/vc_row]<\/p>","protected":false},"excerpt":{"rendered":"<p>[vc_row][vc_column][vc_column_text]V\u00e4ravleng valmistatakse metallnurgast, nelikanttorust v\u00f6i painutatud profiilist. Kuumvaltsitud terasleht 2-3 mm kinnitub metallkarkassile,mis valmistatakse\u00a0 nelikanttorust. V\u00e4rv krunt-email Hind v\u00e4raval terasleht 2mm \u00fchel pool\u00a0 standard suurustel 2500-2000mm<span class=\"excerpt-hellip\"> [\u2026]<\/span><\/p>","protected":false},"author":2,"featured_media":0,"parent":0,"menu_order":0,"comment_status":"closed","ping_status":"closed","template":"","meta":[],"_links":{"self":[{"href":"http:\/\/vikmetuksed.ee\/et\/wp-json\/wp\/v2\/pages\/329"}],"collection":[{"href":"http:\/\/vikmetuksed.ee\/et\/wp-json\/wp\/v2\/pages"}],"about":[{"href":"http:\/\/vikmetuksed.ee\/et\/wp-json\/wp\/v2\/types\/page"}],"author":[{"embeddable":true,"href":"http:\/\/vikmetuksed.ee\/et\/wp-json\/wp\/v2\/users\/2"}],"replies":[{"embeddable":true,"href":"http:\/\/vikmetuksed.ee\/et\/wp-json\/wp\/v2\/comments?post=329"}],"version-history":[{"count":6,"href":"http:\/\/vikmetuksed.ee\/et\/wp-json\/wp\/v2\/pages\/329\/revisions"}],"predecessor-version":[{"id":719,"href":"http:\/\/vikmetuksed.ee\/et\/wp-json\/wp\/v2\/pages\/329\/revisions\/719"}],"wp:attachment":[{"href":"http:\/\/vikmetuksed.ee\/et\/wp-json\/wp\/v2\/media?parent=329"}],"curies":[{"name":"wp","href":"https:\/\/api.w.org\/{rel}","templated":true}]}}