{"id":33,"date":"2017-03-06T14:48:13","date_gmt":"2017-03-06T11:48:13","guid":{"rendered":"http:\/\/vikmetuksed.ee\/?page_id=33"},"modified":"2023-04-27T17:39:34","modified_gmt":"2023-04-27T15:39:34","slug":"%d0%b3%d0%bd%d1%83%d1%82%d0%be%d0%bf%d1%80%d0%be%d1%84%d0%b8%d0%bb%d1%8c%d0%bd%d1%8b%d0%b5-%d0%b4%d0%b2%d0%b5%d1%80%d0%b8","status":"publish","type":"page","link":"http:\/\/vikmetuksed.ee\/et\/%d0%ba%d0%b2%d0%b0%d1%80%d1%82%d0%b8%d1%80%d0%bd%d1%8b%d0%b5-%d0%b4%d0%b2%d0%b5%d1%80%d0%b8\/%d0%b3%d0%bd%d1%83%d1%82%d0%be%d0%bf%d1%80%d0%be%d1%84%d0%b8%d0%bb%d1%8c%d0%bd%d1%8b%d0%b5-%d0%b4%d0%b2%d0%b5%d1%80%d0%b8\/","title":{"rendered":"Uksed painutatud profiiliga"},"content":{"rendered":"<p><strong>UKS PAINUTATUD PROFILIST<\/strong><\/p>\n<p>Uste valmistamiseks kasutatakse teraslehte paksusega 1,2mm; 1,5mm. Uksekarp valmistatakse painutatud\u00a0 profiilidest,mis tagab konstruktsiooni kindlust ja vastupidavust.Soojus- ja m\u00fcraisolatsiooniks kasutatakse kivivill PAROC ja kummitihendit uste perimeetril.Uksed v\u00e4rvitakse pulberv\u00e4rvig\u0430 (RAL kataloog).Uste paksus 52 mm.Uksed kinnitatakse kolmel laager hingel.\u00a0Suurus tellija m\u00f5\u00f5tmete j\u00e4rgi.<br \/>\nSuurus tellija m\u00f5\u00f5tmete j\u00e4rgi.<\/p>\n<ul>\n<li>Hind standard suurustel (900 x 2100 mm) ustel(teras 1,2 mm)\u00a0 - 450.00 EUR+ km<\/li>\n<li>2.Hind laiendusega uksel (teras 1,2 mm) standard m\u00f5\u00f5tmetega  (1100\u00d72100 mm) \n600.00 eur +KM<\/li>\n<li>3.Hind uksel lisaga \u00fcleval (teras 1,2 mm) standard m\u00f5\u00f5tmetega (1000\u00d72500 mm)\n600.00 eur + KM<\/li>\n<li>4.Hind kahepoolsel uksel(teras 1,2 mm) standard  m\u00f5\u00f5tmetega(1300\u00d72100mm)\n800.00 eur+ KM<\/li>\n<\/ul>","protected":false},"excerpt":{"rendered":"<p>\u0413\u041d\u0423\u0422\u041e\u041f\u0420\u041e\u0424\u0418\u041b\u042c\u041d\u042b\u0415 \u0414\u0412\u0415\u0420\u0418 \u041f\u0440\u0438 \u0438\u0437\u0433\u043e\u0442\u043e\u0432\u043b\u0435\u043d\u0438\u0438 \u0434\u0432\u0435\u0440\u0438 \u0438\u0441\u043f\u043e\u043b\u044c\u0437\u0443\u0435\u0442\u0441\u044f \u0441\u0442\u0430\u043b\u044c 1,2\u043c\u043c; 1,5\u043c\u043c. \u041a\u043e\u0440\u043e\u0431 \u0434\u0432\u0435\u0440\u0438 \u0438\u0437\u0433\u043e\u0442\u0430\u0432\u043b\u0438\u0432\u0430\u0435\u0442\u0441\u044f \u0438\u0437 \u0433\u043d\u0443\u0442\u043e\u0433\u043e \u043f\u0440\u043e\u0444\u0438\u043b\u044f, \u0447\u0442\u043e \u043e\u0431\u0435\u0441\u043f\u0435\u0447\u0438\u0432\u0430\u0435\u0442 \u043d\u0430\u0434\u0435\u0436\u043d\u043e\u0441\u0442\u044c \u0438 \u043f\u0440\u043e\u0447\u043d\u043e\u0441\u0442\u044c \u043a\u043e\u043d\u0441\u0442\u0440\u0443\u043a\u0446\u0438\u0438. \u0414\u043b\u044f \u0443\u0442\u0435\u043f\u043b\u0435\u043d\u0438\u044f \u0438 \u0448\u0443\u043c\u043e\u0438\u0437\u043e\u043b\u044f\u0446\u0438\u0438 \u0434\u0432\u0435\u0440\u0438<span class=\"excerpt-hellip\"> [\u2026]<\/span><\/p>","protected":false},"author":1,"featured_media":0,"parent":31,"menu_order":0,"comment_status":"closed","ping_status":"closed","template":"","meta":[],"_links":{"self":[{"href":"http:\/\/vikmetuksed.ee\/et\/wp-json\/wp\/v2\/pages\/33"}],"collection":[{"href":"http:\/\/vikmetuksed.ee\/et\/wp-json\/wp\/v2\/pages"}],"about":[{"href":"http:\/\/vikmetuksed.ee\/et\/wp-json\/wp\/v2\/types\/page"}],"author":[{"embeddable":true,"href":"http:\/\/vikmetuksed.ee\/et\/wp-json\/wp\/v2\/users\/1"}],"replies":[{"embeddable":true,"href":"http:\/\/vikmetuksed.ee\/et\/wp-json\/wp\/v2\/comments?post=33"}],"version-history":[{"count":12,"href":"http:\/\/vikmetuksed.ee\/et\/wp-json\/wp\/v2\/pages\/33\/revisions"}],"predecessor-version":[{"id":728,"href":"http:\/\/vikmetuksed.ee\/et\/wp-json\/wp\/v2\/pages\/33\/revisions\/728"}],"up":[{"embeddable":true,"href":"http:\/\/vikmetuksed.ee\/et\/wp-json\/wp\/v2\/pages\/31"}],"wp:attachment":[{"href":"http:\/\/vikmetuksed.ee\/et\/wp-json\/wp\/v2\/media?parent=33"}],"curies":[{"name":"wp","href":"https:\/\/api.w.org\/{rel}","templated":true}]}}