{"id":341,"date":"2017-05-25T20:39:40","date_gmt":"2017-05-25T17:39:40","guid":{"rendered":"http:\/\/vikmetuksed.ee\/?page_id=341&#038;lang=et"},"modified":"2022-07-17T13:01:38","modified_gmt":"2022-07-17T10:01:38","slug":"soodne-metalluks","status":"publish","type":"page","link":"http:\/\/vikmetuksed.ee\/et\/tooded\/soodne-metalluks\/","title":{"rendered":"Soodne metalluks"},"content":{"rendered":"<p>[vc_row][vc_column][vc_column_text]<\/p>\n<p>Ukse valmistamisel kasutatakse terasleht paksuseg 1,0 \/ 1,2 mm,soojustus kivivill\u00a0 PAROC.<\/p>\n<p>[\/vc_column_text][\/vc_column][\/vc_row][vc_row][vc_column][\/vc_column][\/vc_row][vc_row][vc_column width=&#187;1\/4&#8243;]<div class=\"photo_box  without-desc\"><div class=\"image_frame\"><div class=\"image_wrapper\"><div class=\"mask\"><\/div><img class=\"scale-with-grid\" src=\"http:\/\/vikmetuksed.ee\/wp-content\/uploads\/2020\/11\/\u0421\u043d\u0438\u043c\u043e\u043a-\u044d\u043a\u0440\u0430\u043d\u0430-2020-11-01-161607.png\" alt=\"\u0421\u043d\u0438\u043c\u043e\u043a \u044d\u043a\u0440\u0430\u043d\u0430 2020-11-01 161607\" width=\"380\" height=\"541\"\/><\/div><\/div><\/div>\n[\/vc_column][vc_column width=&#187;1\/4&#8243;]<div class=\"photo_box  without-desc\"><div class=\"image_frame\"><div class=\"image_wrapper\"><div class=\"mask\"><\/div><img class=\"scale-with-grid\" src=\"http:\/\/vikmetuksed.ee\/wp-content\/uploads\/2020\/11\/\u0421\u043d\u0438\u043c\u043e\u043a-\u044d\u043a\u0440\u0430\u043d\u0430-2020-11-01-161535.png\" alt=\"\u0421\u043d\u0438\u043c\u043e\u043a \u044d\u043a\u0440\u0430\u043d\u0430 2020-11-01 161535\" width=\"382\" height=\"535\"\/><\/div><\/div><\/div>\n[\/vc_column][vc_column width=&#187;1\/4&#8243;]<div class=\"photo_box  without-desc\"><div class=\"image_frame\"><div class=\"image_wrapper\"><div class=\"mask\"><\/div><img class=\"scale-with-grid\" src=\"http:\/\/vikmetuksed.ee\/wp-content\/uploads\/2021\/04\/Vikmetuksed-_-97\u0445133_April-_21-004.jpg\" alt=\"Vikmetuksed _ 97\u0445133_April _21 (004)\" width=\"365\" height=\"491\"\/><\/div><\/div><\/div>\n[\/vc_column][vc_column width=&#187;1\/4&#8243;][\/vc_column][\/vc_row][vc_row][vc_column][vc_column_text]Soojustatud metalluksed MDFga, kaks lukku, uksesilm ja \u00f6\u00f6riiv.<br \/>\nM\u00f5\u00f5tmed : 860 x 2050 x 70 mm.<\/p>\n<p>HIND : 180.00[\/vc_column_text][\/vc_column][\/vc_row]<\/p>","protected":false},"excerpt":{"rendered":"<p>[vc_row][vc_column][vc_column_text] Ukse valmistamisel kasutatakse terasleht paksuseg 1,0 \/ 1,2 mm,soojustus kivivill\u00a0 PAROC. [\/vc_column_text][\/vc_column][\/vc_row][vc_row][vc_column][\/vc_column][\/vc_row][vc_row][vc_column width=&#187;1\/4&#8243;][\/vc_column][vc_column width=&#187;1\/4&#8243;][\/vc_column][vc_column width=&#187;1\/4&#8243;][\/vc_column][vc_column width=&#187;1\/4&#8243;][\/vc_column][\/vc_row][vc_row][vc_column][vc_column_text]Soojustatud metalluksed MDFga, kaks lukku, uksesilm ja \u00f6\u00f6riiv. M\u00f5\u00f5tmed :<span class=\"excerpt-hellip\"> [\u2026]<\/span><\/p>","protected":false},"author":2,"featured_media":0,"parent":384,"menu_order":0,"comment_status":"closed","ping_status":"closed","template":"","meta":[],"_links":{"self":[{"href":"http:\/\/vikmetuksed.ee\/et\/wp-json\/wp\/v2\/pages\/341"}],"collection":[{"href":"http:\/\/vikmetuksed.ee\/et\/wp-json\/wp\/v2\/pages"}],"about":[{"href":"http:\/\/vikmetuksed.ee\/et\/wp-json\/wp\/v2\/types\/page"}],"author":[{"embeddable":true,"href":"http:\/\/vikmetuksed.ee\/et\/wp-json\/wp\/v2\/users\/2"}],"replies":[{"embeddable":true,"href":"http:\/\/vikmetuksed.ee\/et\/wp-json\/wp\/v2\/comments?post=341"}],"version-history":[{"count":4,"href":"http:\/\/vikmetuksed.ee\/et\/wp-json\/wp\/v2\/pages\/341\/revisions"}],"predecessor-version":[{"id":546,"href":"http:\/\/vikmetuksed.ee\/et\/wp-json\/wp\/v2\/pages\/341\/revisions\/546"}],"up":[{"embeddable":true,"href":"http:\/\/vikmetuksed.ee\/et\/wp-json\/wp\/v2\/pages\/384"}],"wp:attachment":[{"href":"http:\/\/vikmetuksed.ee\/et\/wp-json\/wp\/v2\/media?parent=341"}],"curies":[{"name":"wp","href":"https:\/\/api.w.org\/{rel}","templated":true}]}}