{"id":38,"date":"2017-03-06T14:50:54","date_gmt":"2017-03-06T11:50:54","guid":{"rendered":"http:\/\/vikmetuksed.ee\/?page_id=38"},"modified":"2023-05-05T15:31:49","modified_gmt":"2023-05-05T13:31:49","slug":"%d1%81%d1%82%d0%b5%d0%ba%d0%bb%d0%be%d0%bc%d0%b5%d1%82%d0%b0%d0%bb%d0%bb%d0%b8%d1%87%d0%b5%d1%81%d0%ba%d0%b8%d0%b5-%d0%b4%d0%b2%d0%b5%d1%80%d0%b8","status":"publish","type":"page","link":"http:\/\/vikmetuksed.ee\/et\/%d0%ba%d0%b2%d0%b0%d1%80%d1%82%d0%b8%d1%80%d0%bd%d1%8b%d0%b5-%d0%b4%d0%b2%d0%b5%d1%80%d0%b8\/%d1%81%d1%82%d0%b5%d0%ba%d0%bb%d0%be%d0%bc%d0%b5%d1%82%d0%b0%d0%bb%d0%bb%d0%b8%d1%87%d0%b5%d1%81%d0%ba%d0%b8%d0%b5-%d0%b4%d0%b2%d0%b5%d1%80%d0%b8\/","title":{"rendered":"Klaasmetalluksed"},"content":{"rendered":"<p><img decoding=\"async\" loading=\"lazy\" class=\"size-medium wp-image-170\" src=\"http:\/\/vikmetuksed.ee\/wp-content\/uploads\/2017\/04\/sm1-300x300.jpg\" alt=\"\" width=\"300\" height=\"300\" \/><img decoding=\"async\" loading=\"lazy\" class=\"alignnone size-medium wp-image-723\" src=\"http:\/\/vikmetuksed.ee\/wp-content\/uploads\/2023\/03\/20220816_123943-002-300x225.jpg\" alt=\"\" width=\"300\" height=\"225\" \/><\/p>\n<p>Uksed on valmistatud FORSTER profiilist<\/p>\n<p>K\u00f5ik Forsteri tooted valmivad eritellimusel. Iga disain on nullist v\u00e4lja t\u00f6\u00f6tatud spetsiaalselt selle rajatise jaoks, kuhu see paigaldatakse. Saate ise valida oma toote tehnilised omadused, v\u00e4limuse ja funktsioonid, olenevalt isiklikest eelistustest ja tingimustest, milles kavatsete seda v\u00f5i teist disaini kasutada.<\/p>","protected":false},"excerpt":{"rendered":"<p>\u0414\u0432\u0435\u0440\u0438 \u0438\u0437\u0433\u043e\u0442\u0430\u0432\u043b\u0438\u0432\u0430\u044e\u0442\u0441\u044f \u0438\u0437 \u043f\u0440\u043e\u0444\u0438\u043b\u044f FORSTER \u0412\u0441\u0435 \u0438\u0437\u0434\u0435\u043b\u0438\u044f \u043e\u0442 Forster \u043f\u0440\u043e\u0438\u0437\u0432\u043e\u0434\u044f\u0442\u0441\u044f \u043f\u043e\u0434 \u0437\u0430\u043a\u0430\u0437. \u041a\u0430\u0436\u0434\u0430\u044f \u043a\u043e\u043d\u0441\u0442\u0440\u0443\u043a\u0446\u0438\u044f \u0440\u0430\u0437\u0440\u0430\u0431\u0430\u0442\u044b\u0432\u0430\u0435\u0442\u0441\u044f \u0441 \u043d\u0443\u043b\u044f \u0441\u043f\u0435\u0446\u0438\u0430\u043b\u044c\u043d\u043e \u0434\u043b\u044f \u0442\u043e\u0433\u043e \u043e\u0431\u044a\u0435\u043a\u0442\u0430, \u0433\u0434\u0435 \u043e\u043d\u0430 \u0431\u0443\u0434\u0435\u0442 \u0443\u0441\u0442\u0430\u043d\u043e\u0432\u043b\u0435\u043d\u0430. \u0412\u044b<span class=\"excerpt-hellip\"> [\u2026]<\/span><\/p>","protected":false},"author":1,"featured_media":0,"parent":31,"menu_order":0,"comment_status":"closed","ping_status":"closed","template":"","meta":[],"_links":{"self":[{"href":"http:\/\/vikmetuksed.ee\/et\/wp-json\/wp\/v2\/pages\/38"}],"collection":[{"href":"http:\/\/vikmetuksed.ee\/et\/wp-json\/wp\/v2\/pages"}],"about":[{"href":"http:\/\/vikmetuksed.ee\/et\/wp-json\/wp\/v2\/types\/page"}],"author":[{"embeddable":true,"href":"http:\/\/vikmetuksed.ee\/et\/wp-json\/wp\/v2\/users\/1"}],"replies":[{"embeddable":true,"href":"http:\/\/vikmetuksed.ee\/et\/wp-json\/wp\/v2\/comments?post=38"}],"version-history":[{"count":5,"href":"http:\/\/vikmetuksed.ee\/et\/wp-json\/wp\/v2\/pages\/38\/revisions"}],"predecessor-version":[{"id":739,"href":"http:\/\/vikmetuksed.ee\/et\/wp-json\/wp\/v2\/pages\/38\/revisions\/739"}],"up":[{"embeddable":true,"href":"http:\/\/vikmetuksed.ee\/et\/wp-json\/wp\/v2\/pages\/31"}],"wp:attachment":[{"href":"http:\/\/vikmetuksed.ee\/et\/wp-json\/wp\/v2\/media?parent=38"}],"curies":[{"name":"wp","href":"https:\/\/api.w.org\/{rel}","templated":true}]}}