{"id":40,"date":"2017-03-06T14:52:44","date_gmt":"2017-03-06T11:52:44","guid":{"rendered":"http:\/\/vikmetuksed.ee\/?page_id=40"},"modified":"2023-02-20T14:00:03","modified_gmt":"2023-02-20T11:00:03","slug":"vu","status":"publish","type":"page","link":"http:\/\/vikmetuksed.ee\/et\/vu\/","title":{"rendered":"V\u00e4lisuksed"},"content":{"rendered":"<p>Uste valmistamiseks kasutatakse teraslehte paksusega 1,2 ja 1,5mm.<\/p>\n<p>Ukseleng \u00a0valmistatakse painutatud profiilidest,mis tagab konstruktsiooni kindlust ja vastupidavust.Soojus-ja m\u00fcraisolatsiooniks kasutatakse kivivill.PAROC ja kummitihendit uste perimeetril.Uksed v\u00e4rvitakse pulberv\u00e4rviga.<\/p>\n<p>Uste paksus 52mm<\/p>\n<p>Uksed kinnitatakse kolmel laagerhingel<\/p>\n<p>Uksepakk roostevabast terasest.<\/p>\n<p>Hind alates 600.00+KM<\/p>\n<p>Suurus tellija m\u00f5\u00f5tmete j\u00e4rgi.<\/p>\n<p>&nbsp;<\/p>\n<h3>TSINGITUD UKSED<\/h3>\n<p>Hind alates 720.00 EUR +KM<\/p>\n<h3>V\u00c4LISUKS KLAASPAKETIGA<\/h3>\n<p>Hind alates 700.00 EUR +KM<\/p>","protected":false},"excerpt":{"rendered":"<p>\u041f\u0440\u0438 \u0438\u0437\u0433\u043e\u0442\u043e\u0432\u043b\u0435\u043d\u0438\u0438 \u0434\u0432\u0435\u0440\u0438 \u0438\u0441\u043f\u043e\u043b\u044c\u0437\u0443\u0435\u0442\u0441\u044f \u0441\u0442\u0430\u043b\u044c 1,2 \u043c\u043c &nbsp;:1,5\u043c\u043c. \u041a\u043e\u0440\u043e\u0431 \u0434\u0432\u0435\u0440\u0438 \u0438\u0437\u0433\u043e\u0442\u0430\u0432\u043b\u0438\u0432\u0430\u0435\u0442\u0441\u044f \u0438\u0437 \u0433\u043d\u0443\u0442\u043e\u0433\u043e \u043f\u0440\u043e\u0444\u0438\u043b\u044f ,\u0447\u0442\u043e \u043e\u0431\u0435\u0441\u043f\u0435\u0447\u0438\u0432\u0430\u0435\u0442 \u043d\u0430\u0434\u0435\u0436\u043d\u043e\u0441\u0442\u044c \u0438 \u043f\u0440\u043e\u0447\u043d\u043e\u0441\u0442\u044c \u043a\u043e\u043d\u0441\u0442\u0440\u0443\u043a\u0446\u0438\u0438 .\u0414\u043b\u044f \u0443\u0442\u0435\u043f\u043b\u0435\u043d\u0438\u044f \u0438 \u0448\u0443\u043c\u043e\u0438\u0437\u043e\u043b\u044f\u0446\u0438\u0438 \u0434\u0432\u0435\u0440\u0438 \u0438\u0441\u043f\u043e\u043b\u044c\u0437\u0443\u0435\u0442\u0441\u044f<span class=\"excerpt-hellip\"> [\u2026]<\/span><\/p>","protected":false},"author":1,"featured_media":0,"parent":0,"menu_order":0,"comment_status":"closed","ping_status":"closed","template":"","meta":[],"_links":{"self":[{"href":"http:\/\/vikmetuksed.ee\/et\/wp-json\/wp\/v2\/pages\/40"}],"collection":[{"href":"http:\/\/vikmetuksed.ee\/et\/wp-json\/wp\/v2\/pages"}],"about":[{"href":"http:\/\/vikmetuksed.ee\/et\/wp-json\/wp\/v2\/types\/page"}],"author":[{"embeddable":true,"href":"http:\/\/vikmetuksed.ee\/et\/wp-json\/wp\/v2\/users\/1"}],"replies":[{"embeddable":true,"href":"http:\/\/vikmetuksed.ee\/et\/wp-json\/wp\/v2\/comments?post=40"}],"version-history":[{"count":6,"href":"http:\/\/vikmetuksed.ee\/et\/wp-json\/wp\/v2\/pages\/40\/revisions"}],"predecessor-version":[{"id":715,"href":"http:\/\/vikmetuksed.ee\/et\/wp-json\/wp\/v2\/pages\/40\/revisions\/715"}],"wp:attachment":[{"href":"http:\/\/vikmetuksed.ee\/et\/wp-json\/wp\/v2\/media?parent=40"}],"curies":[{"name":"wp","href":"https:\/\/api.w.org\/{rel}","templated":true}]}}