{"id":49,"date":"2017-03-06T14:59:26","date_gmt":"2017-03-06T11:59:26","guid":{"rendered":"http:\/\/vikmetuksed.ee\/?page_id=49"},"modified":"2023-02-03T16:48:54","modified_gmt":"2023-02-03T13:48:54","slug":"gv1","status":"publish","type":"page","link":"http:\/\/vikmetuksed.ee\/et\/gv1\/","title":{"rendered":"Garaaziv\u00e4ravad 1"},"content":{"rendered":"<p>V\u00e4ravleng valmistatakse metallnurgast, nelikanttorust v\u00f6i painutatud profiilist.<\/p>\n<p>Kuumvaltsitud terasleht 2-3 mm kinnitub metallkarkassile,mis valmistatakse\u00a0 nelikanttorust.V\u00e4rv krunt-email<\/p>\n<ul>\n<li>Hind v\u00e4raval terasleht 2mm \u00fchel pool\u00a0 standard suurustel 2500-2000mm - 650.00 EUR + KM<\/li>\n<li>Hind v\u00e4raval terasleht 3mm 770.00 EUR+KM<\/li>\n<li>Hind v\u00e4rava v\u00e4lis terasleht 2mm,soojustus,sisemine terasleht 1,2mm - 950.00 + KM<\/li>\n<li>Paigaldus alates 120.00 EUR<\/li>\n<\/ul>","protected":false},"excerpt":{"rendered":"<p>\u041a\u043e\u0440\u043e\u0431 \u0432\u043e\u0440\u043e\u0442 \u0438\u0437\u0433\u043e\u0442\u0430\u0432\u043b\u0438\u0432\u0430\u0435\u0442\u0441\u044f \u0438\u0437 \u043c\u0435\u0442\u0430\u043b\u043b\u0438\u0447\u0435\u0441\u043a\u043e\u0433\u043e \u0443\u0433\u043e\u043b\u043a\u0430, \u043a\u0432\u0430\u0434\u0440\u0430\u0442\u043d\u043e\u0439 \u0442\u0440\u0443\u0431\u044b \u0438\u043b\u0438 \u0433\u043d\u0443\u0442\u043e\u0433\u043e \u043f\u0440\u043e\u0444\u0438\u043b\u044f. \u0421\u0442\u0430\u043b\u044c\u043d\u043e\u0439 \u043b\u0438\u0441\u0442 \u0433\u043e\u0440\u044f\u0447\u0435\u0433\u043e \u043f\u0440\u043e\u043a\u0430\u0442\u0430 2-3\u043c\u043c \u043a\u0440\u0435\u043f\u0438\u0442\u0441\u044f \u043a \u043c\u0435\u0442\u0430\u043b\u043b\u0438\u0447\u0435\u0441\u043a\u043e\u043c\u0443 \u043a\u0430\u0440\u043a\u0430\u0441\u0443 \u043f\u043e\u0432\u044b\u0448\u0435\u043d\u043d\u043e\u0439 \u043f\u0440\u043e\u0447\u043d\u043e\u0441\u0442\u0438. \u041f\u043e\u043a\u0440\u0430\u0441\u043a\u0430 \u2013\u0433\u0440\u0443\u043d\u0442-\u044d\u043c\u0430\u043b\u044c\u044e. \u0421\u0442\u043e\u0438\u043c\u043e\u0441\u0442\u044c \u0432\u043e\u0440\u043e\u0442<span class=\"excerpt-hellip\"> [\u2026]<\/span><\/p>","protected":false},"author":1,"featured_media":0,"parent":0,"menu_order":0,"comment_status":"closed","ping_status":"closed","template":"","meta":[],"_links":{"self":[{"href":"http:\/\/vikmetuksed.ee\/et\/wp-json\/wp\/v2\/pages\/49"}],"collection":[{"href":"http:\/\/vikmetuksed.ee\/et\/wp-json\/wp\/v2\/pages"}],"about":[{"href":"http:\/\/vikmetuksed.ee\/et\/wp-json\/wp\/v2\/types\/page"}],"author":[{"embeddable":true,"href":"http:\/\/vikmetuksed.ee\/et\/wp-json\/wp\/v2\/users\/1"}],"replies":[{"embeddable":true,"href":"http:\/\/vikmetuksed.ee\/et\/wp-json\/wp\/v2\/comments?post=49"}],"version-history":[{"count":16,"href":"http:\/\/vikmetuksed.ee\/et\/wp-json\/wp\/v2\/pages\/49\/revisions"}],"predecessor-version":[{"id":625,"href":"http:\/\/vikmetuksed.ee\/et\/wp-json\/wp\/v2\/pages\/49\/revisions\/625"}],"wp:attachment":[{"href":"http:\/\/vikmetuksed.ee\/et\/wp-json\/wp\/v2\/media?parent=49"}],"curies":[{"name":"wp","href":"https:\/\/api.w.org\/{rel}","templated":true}]}}