{"id":636,"date":"2023-02-13T15:18:29","date_gmt":"2023-02-13T12:18:29","guid":{"rendered":"http:\/\/vikmetuksed.ee\/?page_id=636"},"modified":"2023-04-30T11:17:52","modified_gmt":"2023-04-30T09:17:52","slug":"636-2","status":"publish","type":"page","link":"http:\/\/vikmetuksed.ee\/et\/636-2\/","title":{"rendered":"Tulet\u00f5kkeuksed E30, E60"},"content":{"rendered":"<p>Tulet\u00f5kkeuksed E30, E60<\/p>\n\n\n\n<p>K\u00fcsi hinda <a href=\"\/et\/vikmet.vm@gmail.com\/\">vikmet.vm@gmail.com<\/a><\/p>\n\n\n\n<p>Tel. - 5013294<\/p>\n\n\n\n<p>Tulet\u00f5kkeuksed on vajalik turvaelement. Need v\u00f5imaldavad teil edasi l\u00fckata lahtise leegi tungimist inimestega ruumi. Isegi tugeva tulekahju korral ei deformeeru sellised uksed v\u00e4hemalt 30 minutit ega muutu t\u00e4iendavaks toksiinide allikaks. Need paigaldatakse t\u00f6\u00f6stusettev\u00f5tetesse, kaubandus- ja b\u00fcrookeskustesse, eramajadesse ja korteritesse, et \u00e4\u00e4rmuslikes tingimustes oleks eluruumi omanikel v\u00f5imalus toast v\u00e4lja p\u00e4\u00e4seda v\u00f5i tulet\u00f5rjujate abi oodata. K\u00f5rghoonetes v\u00f5ib just tulet\u00f5kkeuks olla ainuke v\u00f5imalus p\u00e4\u00e4seda. See m\u00e4ngib olulist rolli tulekahju kustutamisel ja inimeste evakueerimisel s\u00fcndmuskohalt.<\/p>","protected":false},"excerpt":{"rendered":"<p>\u041f\u0440\u043e\u0442\u0438\u0432\u043e\u043f\u043e\u0436\u0430\u0440\u043d\u044b\u0435 \u0434\u0432\u0435\u0440\u0438 \u041560, \u041530 \u0426\u0435\u043d\u0430 \u043f\u043e \u0437\u0430\u043f\u0440\u043e\u0441\u0443 vikmet.vm@gmail.com \u0422\u0435\u043b. &#8212; 5544546, 5013286 \u041f\u0440\u043e\u0442\u0438\u0432\u043e\u043f\u043e\u0436\u0430\u0440\u043d\u044b\u0435 \u0434\u0432\u0435\u0440\u0438 \u2013 \u043d\u0435\u043e\u0431\u0445\u043e\u0434\u0438\u043c\u044b\u0439 \u044d\u043b\u0435\u043c\u0435\u043d\u0442 \u0431\u0435\u0437\u043e\u043f\u0430\u0441\u043d\u043e\u0441\u0442\u0438. \u041e\u043d\u0438 \u043f\u043e\u0437\u0432\u043e\u043b\u044f\u044e\u0442 \u043e\u0442\u0441\u0442\u0440\u043e\u0447\u0438\u0442\u044c \u0432\u0440\u0435\u043c\u044f \u043f\u0440\u043e\u043d\u0438\u043a\u043d\u043e\u0432\u0435\u043d\u0438\u044f \u043e\u0442\u043a\u0440\u044b\u0442\u043e\u0433\u043e \u043f\u043b\u0430\u043c\u0435\u043d\u0438 \u0432<span class=\"excerpt-hellip\"> [\u2026]<\/span><\/p>","protected":false},"author":2,"featured_media":0,"parent":0,"menu_order":0,"comment_status":"closed","ping_status":"closed","template":"","meta":[],"_links":{"self":[{"href":"http:\/\/vikmetuksed.ee\/et\/wp-json\/wp\/v2\/pages\/636"}],"collection":[{"href":"http:\/\/vikmetuksed.ee\/et\/wp-json\/wp\/v2\/pages"}],"about":[{"href":"http:\/\/vikmetuksed.ee\/et\/wp-json\/wp\/v2\/types\/page"}],"author":[{"embeddable":true,"href":"http:\/\/vikmetuksed.ee\/et\/wp-json\/wp\/v2\/users\/2"}],"replies":[{"embeddable":true,"href":"http:\/\/vikmetuksed.ee\/et\/wp-json\/wp\/v2\/comments?post=636"}],"version-history":[{"count":6,"href":"http:\/\/vikmetuksed.ee\/et\/wp-json\/wp\/v2\/pages\/636\/revisions"}],"predecessor-version":[{"id":736,"href":"http:\/\/vikmetuksed.ee\/et\/wp-json\/wp\/v2\/pages\/636\/revisions\/736"}],"wp:attachment":[{"href":"http:\/\/vikmetuksed.ee\/et\/wp-json\/wp\/v2\/media?parent=636"}],"curies":[{"name":"wp","href":"https:\/\/api.w.org\/{rel}","templated":true}]}}