{"id":653,"date":"2023-02-16T15:24:55","date_gmt":"2023-02-16T12:24:55","guid":{"rendered":"http:\/\/vikmetuksed.ee\/?page_id=653&#038;lang=et"},"modified":"2023-03-28T20:54:46","modified_gmt":"2023-03-28T18:54:46","slug":"%d0%bc%d0%b5%d1%82%d0%b0%d0%bb%d0%bb%d0%b8%d1%87%d0%b5%d1%81%d0%ba%d0%b8%d0%b5-%d0%b4%d0%b2%d0%b5%d1%80%d0%b8-%d1%81-%d0%bc%d0%b4%d1%84","status":"publish","type":"page","link":"http:\/\/vikmetuksed.ee\/et\/%d0%bc%d0%b5%d1%82%d0%b0%d0%bb%d0%bb%d0%b8%d1%87%d0%b5%d1%81%d0%ba%d0%b8%d0%b5-%d0%b4%d0%b2%d0%b5%d1%80%d0%b8-%d1%81-%d0%bc%d0%b4%d1%84\/","title":{"rendered":"Metalluksed MDF-ga"},"content":{"rendered":"<p>METALLUKSED MDFga<\/p>\n\n\n<div class=\"wp-block-image\">\n<figure class=\"alignleft size-full is-resized\"><img decoding=\"async\" loading=\"lazy\" src=\"http:\/\/vikmetuksed.ee\/wp-content\/uploads\/2020\/11\/\u0421\u043d\u0438\u043c\u043e\u043a-\u044d\u043a\u0440\u0430\u043d\u0430-2020-11-01-161607.png\" alt=\"\" class=\"wp-image-488\" width=\"205\" height=\"292\"\/><\/figure><\/div>\n\n<div class=\"wp-block-image\">\n<figure class=\"alignright size-full is-resized\"><img decoding=\"async\" loading=\"lazy\" src=\"http:\/\/vikmetuksed.ee\/wp-content\/uploads\/2020\/11\/\u0421\u043d\u0438\u043c\u043e\u043a-\u044d\u043a\u0440\u0430\u043d\u0430-2020-11-01-161535.png\" alt=\"\" class=\"wp-image-487\" width=\"220\" height=\"308\"\/><\/figure><\/div>\n\n\n<figure class=\"wp-block-image size-full is-resized\"><img decoding=\"async\" loading=\"lazy\" src=\"http:\/\/vikmetuksed.ee\/wp-content\/uploads\/2021\/04\/Vikmetuksed-_-97\u0445133_April-_21-004.jpg\" alt=\"\" class=\"wp-image-506\" width=\"235\" height=\"316\"\/><figcaption class=\"wp-element-caption\">M\u00f5\u00f5dud: 860 x 2050 x 70 mm.<br>T\u00e4iteaine: pressitud mineraalvill<br>Hinged: 2 t\u00fckki, avanevad kuni 180<br>K\u00e4epide: eraldi, v\u00e4rvus - kroom<br>Pealukk: silinder, poldi l\u00e4bim\u00f5\u00f5t 16 mm, poldi v\u00e4ljaulatuvus 35 mm, kaitsev soomusplaat<br>Lisalukk: kangilukk, poldi l\u00e4bim\u00f5\u00f5t 16 mm, poldi v\u00e4ljaulatuvus 35 mm, kaitsev soomusplaat<br>V\u00e4liskate: ilmastikukindel, pulberpol\u00fcmeer.<br>Sisekate: freesitud MDF - paneel 8 mm<br>Soomusplaat: saateleht telgsuunas, dekoratiivne lisa<br>\u00d6ine katik: jah<br>Piiluauk: lai vaade, v\u00e4rvus - kroom<br>eemaldatavad tihvtid - 3 tk.<\/figcaption><\/figure>\n\n\n\n<p>Maksumus 200 eurot + KM<\/p>","protected":false},"excerpt":{"rendered":"<p>\u041c\u0415\u0422\u0410\u041b\u041b\u0418\u0427\u0415\u0421\u041a\u0418\u0415 \u0414\u0412\u0415\u0420\u0418 \u0421 \u041c\u0414\u0424 \u0421\u0442\u043e\u0438\u043c\u043e\u0441\u0442\u044c 200 \u0435\u0432\u0440\u043e + \u041d\u0421\u041e<\/p>","protected":false},"author":2,"featured_media":0,"parent":0,"menu_order":0,"comment_status":"closed","ping_status":"closed","template":"","meta":[],"_links":{"self":[{"href":"http:\/\/vikmetuksed.ee\/et\/wp-json\/wp\/v2\/pages\/653"}],"collection":[{"href":"http:\/\/vikmetuksed.ee\/et\/wp-json\/wp\/v2\/pages"}],"about":[{"href":"http:\/\/vikmetuksed.ee\/et\/wp-json\/wp\/v2\/types\/page"}],"author":[{"embeddable":true,"href":"http:\/\/vikmetuksed.ee\/et\/wp-json\/wp\/v2\/users\/2"}],"replies":[{"embeddable":true,"href":"http:\/\/vikmetuksed.ee\/et\/wp-json\/wp\/v2\/comments?post=653"}],"version-history":[{"count":5,"href":"http:\/\/vikmetuksed.ee\/et\/wp-json\/wp\/v2\/pages\/653\/revisions"}],"predecessor-version":[{"id":725,"href":"http:\/\/vikmetuksed.ee\/et\/wp-json\/wp\/v2\/pages\/653\/revisions\/725"}],"wp:attachment":[{"href":"http:\/\/vikmetuksed.ee\/et\/wp-json\/wp\/v2\/media?parent=653"}],"curies":[{"name":"wp","href":"https:\/\/api.w.org\/{rel}","templated":true}]}}