{"id":88,"date":"2017-03-15T16:43:45","date_gmt":"2017-03-15T13:43:45","guid":{"rendered":"http:\/\/vikmetuksed.ee\/?page_id=88"},"modified":"2023-04-28T21:49:31","modified_gmt":"2023-04-28T19:49:31","slug":"%d0%be-%d1%84%d0%b8%d1%80%d0%bc%d0%b5","status":"publish","type":"page","link":"http:\/\/vikmetuksed.ee\/et\/%d0%be-%d1%84%d0%b8%d1%80%d0%bc%d0%b5\/","title":{"rendered":"Meist"},"content":{"rendered":"<p><\/p>\n\n\n\n<p>MEIST<\/p>\n\n\n\n<h2>Meie ettev\u00f5te asutati 2005. aastal. Aastate jooksul oleme oluliselt laiendanud pakutavate toodete valikut.\nT\u00e4na pakume teile laiemat valiku v\u00f5imalust. Meie sortimendist leiate laia valikuga abrasiivseid materjale: keevitustraat ja -elektroodid, standardsed metalluksed, tulet\u00f5kkeuksed, keevitustarvikud, t\u00f6\u00f6kindad, postkastid.\nMeie klientide hulgas on nii suuri ehitusettev\u00f5tteid kui ka eraisikuid. Meie ettev\u00f5tte meeskond on alati valmis aitama teil valida laia tootevaliku hulgast just seda, mida vajate.<\/h2>\n\n\n\n<h2>Meie ettev\u00f5te asutati 2005. aastal. Aastate jooksul oleme oluliselt laiendanud pakutavate toodete valikut.<\/h2>\n\n\n\n<h2>Meie klientide hulgas on nii suuri ehitusettev\u00f5tteid kui ka eraisikuid. Meie ettev\u00f5tte meeskond on alati valmis aitama teil valida laia tootevaliku hulgast just seda, mida vajate.<\/h2>\n\n\n\n<h2><\/h2>","protected":false},"excerpt":{"rendered":"<p>\u041e \u0424\u0418\u0420\u041c\u0415 \u041d\u0430\u0448\u0430 \u043a\u043e\u043c\u043f\u0430\u043d\u0438\u044f \u0431\u044b\u043b\u0430 \u043e\u0441\u043d\u043e\u0432\u0430\u043d\u0430 \u0432 2005 \u0433\u043e\u0434\u0443. \u0417\u0430 \u0433\u043e\u0434\u044b \u0440\u0430\u0431\u043e\u0442\u044b \u043c\u044b \u0437\u043d\u0430\u0447\u0438\u0442\u0435\u043b\u044c\u043d\u043e \u0440\u0430\u0441\u0448\u0438\u0440\u0438\u043b\u0438 \u0430\u0441\u0441\u043e\u0440\u0442\u0438\u043c\u0435\u043d\u0442 \u043f\u0440\u0435\u0434\u043b\u0430\u0433\u0430\u0435\u043c\u043e\u0439 \u043f\u0440\u043e\u0434\u0443\u043a\u0446\u0438\u0438. \u0421\u0435\u0433\u043e\u0434\u043d\u044f \u043c\u044b \u043f\u0440\u0435\u0434\u043b\u0430\u0433\u0430\u0435\u043c \u0432\u0430\u043c \u0431\u043e\u043b\u0435\u0435 \u0448\u0438\u0440\u043e\u043a\u0438\u0439 \u0441\u043f\u0435\u043a\u0442\u0440 \u0432\u043e\u0437\u043c\u043e\u0436\u043d\u043e\u0441\u0442\u0435\u0439.<span class=\"excerpt-hellip\"> [\u2026]<\/span><\/p>","protected":false},"author":1,"featured_media":0,"parent":0,"menu_order":0,"comment_status":"closed","ping_status":"closed","template":"","meta":[],"_links":{"self":[{"href":"http:\/\/vikmetuksed.ee\/et\/wp-json\/wp\/v2\/pages\/88"}],"collection":[{"href":"http:\/\/vikmetuksed.ee\/et\/wp-json\/wp\/v2\/pages"}],"about":[{"href":"http:\/\/vikmetuksed.ee\/et\/wp-json\/wp\/v2\/types\/page"}],"author":[{"embeddable":true,"href":"http:\/\/vikmetuksed.ee\/et\/wp-json\/wp\/v2\/users\/1"}],"replies":[{"embeddable":true,"href":"http:\/\/vikmetuksed.ee\/et\/wp-json\/wp\/v2\/comments?post=88"}],"version-history":[{"count":6,"href":"http:\/\/vikmetuksed.ee\/et\/wp-json\/wp\/v2\/pages\/88\/revisions"}],"predecessor-version":[{"id":735,"href":"http:\/\/vikmetuksed.ee\/et\/wp-json\/wp\/v2\/pages\/88\/revisions\/735"}],"wp:attachment":[{"href":"http:\/\/vikmetuksed.ee\/et\/wp-json\/wp\/v2\/media?parent=88"}],"curies":[{"name":"wp","href":"https:\/\/api.w.org\/{rel}","templated":true}]}}